{"id":6926,"date":"2019-09-17T12:06:14","date_gmt":"2019-09-17T09:06:14","guid":{"rendered":"http:\/\/blnebefi.serveur03.com\/blog\/?page_id=6926"},"modified":"2019-09-17T12:06:14","modified_gmt":"2019-09-17T09:06:14","slug":"netbetin-ilmaisvetojen-ja-arvontojen-kayttoehdot","status":"publish","type":"page","link":"https:\/\/www.netbet.com\/fi\/blog\/netbetin-ilmaisvetojen-ja-arvontojen-kayttoehdot\/","title":{"rendered":"NetBetin ilmaisvetojen ja arvontojen k\u00e4ytt\u00f6ehdot"},"content":{"rendered":"<h2>NetBetin ilmaisvedot<\/h2>\n<p>&#8211; Vain yksi osallistuminen per pelaaja.<\/p>\n<p>&#8211; Osallistuaksesi sinulla on oltava aktiivinen NetBet-tili.<\/p>\n<p>&#8211; Sinun on sis\u00e4llytett\u00e4v\u00e4 hashtag #NetBetIlmaisveto vastaukseesi.<\/p>\n<p>&#8211; Vastauksia pidet\u00e4\u00e4n virheellisin\u00e4, jos pelaaja ei k\u00e4yt\u00e4 hashtagia #NetBetIlmaisveto l\u00e4hett\u00e4ess\u00e4\u00e4n vastausta.<\/p>\n<p>Pelaajat, jotka osallistuvat tarjoukseen useilla eri Twitter-tileill\u00e4 hyl\u00e4t\u00e4\u00e4n kilpailusta.<\/p>\n<p>&#8211; Nollavastauksia ei sallita. Maalintekij\u00f6it\u00e4 ei pidet\u00e4 nollavastauksena.<\/p>\n<p>&#8211; Jos ensimm\u00e4inen maali on oma maali, ilmainen veto annetaan toiselle maalintekij\u00e4lle.<\/p>\n<p>&#8211; Jos valinnassa on ep\u00e4selvyytt\u00e4 (esim. David Silva ja Bernardo Silva), sinun on mainittava heid\u00e4n koko nimens\u00e4 eli etunimi ja sukunimi esim. David Silva. Muussa tapauksessa sukunimi on hyv\u00e4ksytt\u00e4v\u00e4.<\/p>\n<p>&#8211; Nyrkkeilyss\u00e4 tyrm\u00e4yksen ollessa kyseess\u00e4 on mainittava ottelun erien kokonaism\u00e4\u00e4r\u00e4. 12. er\u00e4 lasketaan tyrm\u00e4ykseksi.<\/p>\n<p>&#8211; Vastaukset on l\u00e4hetett\u00e4v\u00e4 ennen tapahtuman virallista alkamisaikaa.<\/p>\n<p>&#8211; NetBetin p\u00e4\u00e4t\u00f6s voittajasta \/ voittajista on lopullinen.<\/p>\n<p>&#8211; Voittaja(t) valitaan satunnaisesti, jos oikeita vastauksia on useita.<\/p>\n<p>&#8211; Vastaukseen liittyv\u00e4t tiedot tulevat mahdollisuuksien mukaan ensisijaisista l\u00e4hteist\u00e4, mukaan lukien (mutta ei rajoitetusti) BBC Sport, Sky Sports ja Racing Post.<\/p>\n<p>&#8211; Ilmaisveto on asetettava kokonaan kerralla, eik\u00e4 panosta palauteta vedon yhteydess\u00e4.<\/p>\n<p>&#8211; Ilmaisvedon tarkka arvo ilmoitetaan julkaisussa.<\/p>\n<p>&#8211; T\u00e4m\u00e4 tarjous on tarkoitettu vain 18 vuotta t\u00e4ytt\u00e4neille Suomessa asuville pelaajille.<\/p>\n<p>&#8211; Voittajalle\/voittajille ilmoitetaan yksityisviestill\u00e4 Twitteriss\u00e4 \/ Facebookissa \/ Instagramissa. Jos voittajaa \/ voittajia ei tavoiteta tai jos palkintoa ei lunasteta 48 tunnin kuluessa, pid\u00e4t\u00e4mme oikeuden vet\u00e4\u00e4 palkinnon voittajalta \/ voittajilta ja valita uusi voittaja.<\/p>\n<p>&#8211; Kriketiss\u00e4, jos kaksi tai useampi pelaaja suorittaa yht\u00e4 suuren m\u00e4\u00e4r\u00e4n juoksuja, sovelletaan dead heat -s\u00e4\u00e4nt\u00f6j\u00e4.<\/p>\n<p>&#8211; T\u00e4h\u00e4n tarjoukseen sovelletaan NetBetin yleisi\u00e4 ehtoja.<\/p>\n<h2><strong>Urheilu- ja kasinoarvonnat<\/strong><\/h2>\n<p>&#8211; T\u00e4m\u00e4 tarjous on tarkoitettu vain 18 vuotta t\u00e4ytt\u00e4neille, Suomessa asuville pelaajille.<\/p>\n<p>&#8211; Vain yksi osallistuminen per pelaaja sallittu. Useampi osallistuminen samalta pelaajalta hyl\u00e4t\u00e4\u00e4n.<\/p>\n<p>&#8211; Yksi voittaja kaikilla sosiaalisen median alustoilla.<\/p>\n<p>&#8211; Muokatut kommentit hyl\u00e4t\u00e4\u00e4n kilpailusta.<\/p>\n<p>&#8211; Ilmoittautumisaika ilmoitetaan julkaisussa. M\u00e4\u00e4r\u00e4ajan j\u00e4lkeen saapuneita osallistumisia ei oteta huomioon.<\/p>\n<p>&#8211; Voittaja(t) valitaan satunnaisesti, jos oikeita vastauksia on useita.<\/p>\n<p>&#8211; Ilmaisvedon tarkka arvo ilmoitetaan julkaisussa.<\/p>\n<p>&#8211; Voittajalle\/voittajille ilmoitetaan yksityisviestill\u00e4 Twitteriss\u00e4 \/ Facebookissa \/ Instagramissa. Jos voittajaa \/ voittajia ei tavoiteta tai jos palkintoa ei lunasteta 48 tunnin kuluessa, pid\u00e4t\u00e4mme oikeuden vet\u00e4\u00e4 palkinto voittajalta \/ voittajilta ja valita uusi voittaja.<\/p>\n<p>&#8211; Palkintoja ei voi vaihtaa, palauttaa tai siirt\u00e4\u00e4.<\/p>\n<p>&#8211; T\u00e4h\u00e4n tarjoukseen sovelletaan NetBetin yleisi\u00e4 ehtoja.<\/p>\n","protected":false},"excerpt":{"rendered":"<p>NetBetin ilmaisvedot &#8211; Vain yksi osallistuminen per pelaaja. &#8211; Osallistuaksesi sinulla on oltava aktiivinen NetBet-tili. &#8211; Sinun on sis\u00e4llytett\u00e4v\u00e4 hashtag #NetBetIlmaisveto vastaukseesi. &#8211; Vastauksia pidet\u00e4\u00e4n virheellisin\u00e4, jos pelaaja ei k\u00e4yt\u00e4 hashtagia #NetBetIlmaisveto l\u00e4hett\u00e4ess\u00e4\u00e4n vastausta. Pelaajat, jotka osallistuvat tarjoukseen useilla eri Twitter-tileill\u00e4 hyl\u00e4t\u00e4\u00e4n kilpailusta. &#8211; Nollavastauksia ei sallita. Maalintekij\u00f6it\u00e4 ei pidet\u00e4 nollavastauksena. &#8211; Jos ensimm\u00e4inen maali [&hellip;]<\/p>\n","protected":false},"author":2,"featured_media":0,"parent":0,"menu_order":0,"comment_status":"closed","ping_status":"closed","template":"","meta":{"_acf_changed":false,"footnotes":""},"class_list":["post-6926","page","type-page","status-publish","hentry"],"acf":[],"yoast_head":"<!-- This site is optimized with the Yoast SEO plugin v26.9 - https:\/\/yoast.com\/product\/yoast-seo-wordpress\/ -->\n<title>NetBetin ilmaisvetojen ja arvontojen k\u00e4ytt\u00f6ehdot | NetBet Blogi<\/title>\n<meta name=\"robots\" content=\"index, follow, max-snippet:-1, max-image-preview:large, max-video-preview:-1\" \/>\n<link rel=\"canonical\" href=\"https:\/\/www.netbet.com\/fi\/blog\/netbetin-ilmaisvetojen-ja-arvontojen-kayttoehdot\/\" \/>\n<meta property=\"og:locale\" content=\"fi_FI\" \/>\n<meta property=\"og:type\" content=\"article\" \/>\n<meta property=\"og:title\" content=\"NetBetin ilmaisvetojen ja arvontojen k\u00e4ytt\u00f6ehdot | NetBet Blogi\" \/>\n<meta property=\"og:description\" content=\"NetBetin ilmaisvedot &#8211; Vain yksi osallistuminen per pelaaja. &#8211; Osallistuaksesi sinulla on oltava aktiivinen NetBet-tili. &#8211; Sinun on sis\u00e4llytett\u00e4v\u00e4 hashtag #NetBetIlmaisveto vastaukseesi. &#8211; Vastauksia pidet\u00e4\u00e4n virheellisin\u00e4, jos pelaaja ei k\u00e4yt\u00e4 hashtagia #NetBetIlmaisveto l\u00e4hett\u00e4ess\u00e4\u00e4n vastausta. Pelaajat, jotka osallistuvat tarjoukseen useilla eri Twitter-tileill\u00e4 hyl\u00e4t\u00e4\u00e4n kilpailusta. &#8211; Nollavastauksia ei sallita. Maalintekij\u00f6it\u00e4 ei pidet\u00e4 nollavastauksena. &#8211; Jos ensimm\u00e4inen maali [&hellip;]\" \/>\n<meta property=\"og:url\" content=\"https:\/\/www.netbet.com\/fi\/blog\/netbetin-ilmaisvetojen-ja-arvontojen-kayttoehdot\/\" \/>\n<meta property=\"og:site_name\" content=\"NetBet Blogi\" \/>\n<meta property=\"article:publisher\" content=\"https:\/\/www.facebook.com\/netbetcom\" \/>\n<meta name=\"twitter:card\" content=\"summary_large_image\" \/>\n<meta name=\"twitter:site\" content=\"@netbet\" \/>\n<meta name=\"twitter:label1\" content=\"Arvioitu lukuaika\" \/>\n\t<meta name=\"twitter:data1\" content=\"2 minuuttia\" \/>\n<script type=\"application\/ld+json\" class=\"yoast-schema-graph\">{\"@context\":\"https:\/\/schema.org\",\"@graph\":[{\"@type\":\"WebPage\",\"@id\":\"https:\/\/www.netbet.com\/fi\/blog\/netbetin-ilmaisvetojen-ja-arvontojen-kayttoehdot\/\",\"url\":\"https:\/\/www.netbet.com\/fi\/blog\/netbetin-ilmaisvetojen-ja-arvontojen-kayttoehdot\/\",\"name\":\"NetBetin ilmaisvetojen ja arvontojen k\u00e4ytt\u00f6ehdot | NetBet Blogi\",\"isPartOf\":{\"@id\":\"https:\/\/www.netbet.com\/fi\/blog\/#website\"},\"datePublished\":\"2019-09-17T09:06:14+00:00\",\"breadcrumb\":{\"@id\":\"https:\/\/www.netbet.com\/fi\/blog\/netbetin-ilmaisvetojen-ja-arvontojen-kayttoehdot\/#breadcrumb\"},\"inLanguage\":\"fi\",\"potentialAction\":[{\"@type\":\"ReadAction\",\"target\":[\"https:\/\/www.netbet.com\/fi\/blog\/netbetin-ilmaisvetojen-ja-arvontojen-kayttoehdot\/\"]}]},{\"@type\":\"BreadcrumbList\",\"@id\":\"https:\/\/www.netbet.com\/fi\/blog\/netbetin-ilmaisvetojen-ja-arvontojen-kayttoehdot\/#breadcrumb\",\"itemListElement\":[{\"@type\":\"ListItem\",\"position\":1,\"name\":\"Home\",\"item\":\"https:\/\/www.netbet.com\/fi\/blog\/\"},{\"@type\":\"ListItem\",\"position\":2,\"name\":\"NetBetin ilmaisvetojen ja arvontojen k\u00e4ytt\u00f6ehdot\"}]},{\"@type\":\"WebSite\",\"@id\":\"https:\/\/www.netbet.com\/fi\/blog\/#website\",\"url\":\"https:\/\/www.netbet.com\/fi\/blog\/\",\"name\":\"NetBet Blogi\",\"description\":\"\",\"potentialAction\":[{\"@type\":\"SearchAction\",\"target\":{\"@type\":\"EntryPoint\",\"urlTemplate\":\"https:\/\/www.netbet.com\/fi\/blog\/?s={search_term_string}\"},\"query-input\":{\"@type\":\"PropertyValueSpecification\",\"valueRequired\":true,\"valueName\":\"search_term_string\"}}],\"inLanguage\":\"fi\"}]}<\/script>\n<!-- \/ Yoast SEO plugin. -->","yoast_head_json":{"title":"NetBetin ilmaisvetojen ja arvontojen k\u00e4ytt\u00f6ehdot | NetBet Blogi","robots":{"index":"index","follow":"follow","max-snippet":"max-snippet:-1","max-image-preview":"max-image-preview:large","max-video-preview":"max-video-preview:-1"},"canonical":"https:\/\/www.netbet.com\/fi\/blog\/netbetin-ilmaisvetojen-ja-arvontojen-kayttoehdot\/","og_locale":"fi_FI","og_type":"article","og_title":"NetBetin ilmaisvetojen ja arvontojen k\u00e4ytt\u00f6ehdot | NetBet Blogi","og_description":"NetBetin ilmaisvedot &#8211; Vain yksi osallistuminen per pelaaja. &#8211; Osallistuaksesi sinulla on oltava aktiivinen NetBet-tili. &#8211; Sinun on sis\u00e4llytett\u00e4v\u00e4 hashtag #NetBetIlmaisveto vastaukseesi. &#8211; Vastauksia pidet\u00e4\u00e4n virheellisin\u00e4, jos pelaaja ei k\u00e4yt\u00e4 hashtagia #NetBetIlmaisveto l\u00e4hett\u00e4ess\u00e4\u00e4n vastausta. Pelaajat, jotka osallistuvat tarjoukseen useilla eri Twitter-tileill\u00e4 hyl\u00e4t\u00e4\u00e4n kilpailusta. &#8211; Nollavastauksia ei sallita. Maalintekij\u00f6it\u00e4 ei pidet\u00e4 nollavastauksena. &#8211; Jos ensimm\u00e4inen maali [&hellip;]","og_url":"https:\/\/www.netbet.com\/fi\/blog\/netbetin-ilmaisvetojen-ja-arvontojen-kayttoehdot\/","og_site_name":"NetBet Blogi","article_publisher":"https:\/\/www.facebook.com\/netbetcom","twitter_card":"summary_large_image","twitter_site":"@netbet","twitter_misc":{"Arvioitu lukuaika":"2 minuuttia"},"schema":{"@context":"https:\/\/schema.org","@graph":[{"@type":"WebPage","@id":"https:\/\/www.netbet.com\/fi\/blog\/netbetin-ilmaisvetojen-ja-arvontojen-kayttoehdot\/","url":"https:\/\/www.netbet.com\/fi\/blog\/netbetin-ilmaisvetojen-ja-arvontojen-kayttoehdot\/","name":"NetBetin ilmaisvetojen ja arvontojen k\u00e4ytt\u00f6ehdot | NetBet Blogi","isPartOf":{"@id":"https:\/\/www.netbet.com\/fi\/blog\/#website"},"datePublished":"2019-09-17T09:06:14+00:00","breadcrumb":{"@id":"https:\/\/www.netbet.com\/fi\/blog\/netbetin-ilmaisvetojen-ja-arvontojen-kayttoehdot\/#breadcrumb"},"inLanguage":"fi","potentialAction":[{"@type":"ReadAction","target":["https:\/\/www.netbet.com\/fi\/blog\/netbetin-ilmaisvetojen-ja-arvontojen-kayttoehdot\/"]}]},{"@type":"BreadcrumbList","@id":"https:\/\/www.netbet.com\/fi\/blog\/netbetin-ilmaisvetojen-ja-arvontojen-kayttoehdot\/#breadcrumb","itemListElement":[{"@type":"ListItem","position":1,"name":"Home","item":"https:\/\/www.netbet.com\/fi\/blog\/"},{"@type":"ListItem","position":2,"name":"NetBetin ilmaisvetojen ja arvontojen k\u00e4ytt\u00f6ehdot"}]},{"@type":"WebSite","@id":"https:\/\/www.netbet.com\/fi\/blog\/#website","url":"https:\/\/www.netbet.com\/fi\/blog\/","name":"NetBet Blogi","description":"","potentialAction":[{"@type":"SearchAction","target":{"@type":"EntryPoint","urlTemplate":"https:\/\/www.netbet.com\/fi\/blog\/?s={search_term_string}"},"query-input":{"@type":"PropertyValueSpecification","valueRequired":true,"valueName":"search_term_string"}}],"inLanguage":"fi"}]}},"amp_enabled":true,"post_mailing_queue_ids":[],"_links":{"self":[{"href":"https:\/\/www.netbet.com\/fi\/blog\/wp-json\/wp\/v2\/pages\/6926","targetHints":{"allow":["GET"]}}],"collection":[{"href":"https:\/\/www.netbet.com\/fi\/blog\/wp-json\/wp\/v2\/pages"}],"about":[{"href":"https:\/\/www.netbet.com\/fi\/blog\/wp-json\/wp\/v2\/types\/page"}],"author":[{"embeddable":true,"href":"https:\/\/www.netbet.com\/fi\/blog\/wp-json\/wp\/v2\/users\/2"}],"replies":[{"embeddable":true,"href":"https:\/\/www.netbet.com\/fi\/blog\/wp-json\/wp\/v2\/comments?post=6926"}],"version-history":[{"count":1,"href":"https:\/\/www.netbet.com\/fi\/blog\/wp-json\/wp\/v2\/pages\/6926\/revisions"}],"predecessor-version":[{"id":6928,"href":"https:\/\/www.netbet.com\/fi\/blog\/wp-json\/wp\/v2\/pages\/6926\/revisions\/6928"}],"wp:attachment":[{"href":"https:\/\/www.netbet.com\/fi\/blog\/wp-json\/wp\/v2\/media?parent=6926"}],"curies":[{"name":"wp","href":"https:\/\/api.w.org\/{rel}","templated":true}]}}